{"id":315,"date":"2017-06-12T15:03:06","date_gmt":"2017-06-12T15:03:06","guid":{"rendered":"http:\/\/picture.umed.wroc.pl\/?page_id=315"},"modified":"2019-11-13T18:54:28","modified_gmt":"2019-11-13T18:54:28","slug":"contact","status":"publish","type":"page","link":"https:\/\/picture.umw.edu.pl\/index.php\/contact\/","title":{"rendered":"Contact"},"content":{"rendered":"<p>[vc_section css=&#8221;.vc_custom_1498244312933{padding-bottom: 160px !important;}&#8221;][vc_row delay=&#8221;true&#8221; effect=&#8221;fadeIn&#8221; delay_timer=&#8221;50&#8243;][vc_column width=&#8221;1\/2&#8243;]<div class=\"wpb_content_element \"><style type=\"text\/css\" scoped><\/style><header id=\"ut_header_69e766bef1d91\" class=\"section-header ut-no-title-linebreak-mobile ut-no-lead-linebreak-mobile pt-style-7 header-left element-with-custom-line-height\"><h2  class=\"section-title \"><span><b>Wy\u015blij<\/b> nam wiadomo\u015b\u0107.<\/span><\/h2><div data-delay=\"0\" class=\"lead \"><p>Masz Pytania ? Ch\u0119tnie na nie odpowiemy. <\/p>\n<\/div><\/header><\/div><div class=\"wpb_content_element \"><style class=\"bklyn-inline-styles\" type=\"text\/css\" scoped>#ut_fl_69e766bef1fad.bklyn-fancy-list { text-align: left; }#ut_fl_69e766bef1fad li { color: #393c3e; }#ut_fl_69e766bef1fad li span { color: #393c3e; }#ut_fl_69e766bef1fad a { color: #393c3e; }#ut_fl_69e766bef1fad a:visited { color: #393c3e; }#ut_fl_69e766bef1fad a:hover { color: #0267c1; }#ut_fl_69e766bef1fad a:focus { color: #0267c1; }#ut_fl_69e766bef1fad a:active { color: #0267c1; }#ut_fl_69e766bef1fad ul { list-style-type: none; }<\/style><div id=\"ut_fl_69e766bef1fad\" class=\"bklyn-fancy-list\"><ul class=\"bklyn-list bklyn-list-style-none\"><li><span>ul. Borowska 211A, pi\u0119tro I, cz\u0119\u015b\u0107 C.1\/4\/016 50-556 Wroc\u0142aw.<\/span><\/li><li><span>71 784 04 64 <\/span><\/li><\/ul><\/div><\/div>[\/vc_column][vc_column width=&#8221;1\/2&#8243;]\n<div class=\"wpcf7 no-js\" id=\"wpcf7-f5-o1\" lang=\"en-US\" dir=\"ltr\" data-wpcf7-id=\"5\">\n<div class=\"screen-reader-response\"><p role=\"status\" aria-live=\"polite\" aria-atomic=\"true\"><\/p> <ul><\/ul><\/div>\n<form action=\"\/index.php\/wp-json\/wp\/v2\/pages\/315#wpcf7-f5-o1\" method=\"post\" class=\"wpcf7-form init\" aria-label=\"Contact form\" novalidate=\"novalidate\" data-status=\"init\">\n<fieldset class=\"hidden-fields-container\"><input type=\"hidden\" name=\"_wpcf7\" value=\"5\" \/><input type=\"hidden\" name=\"_wpcf7_version\" value=\"6.1.5\" \/><input type=\"hidden\" name=\"_wpcf7_locale\" value=\"en_US\" \/><input type=\"hidden\" name=\"_wpcf7_unit_tag\" value=\"wpcf7-f5-o1\" \/><input type=\"hidden\" name=\"_wpcf7_container_post\" value=\"0\" \/><input type=\"hidden\" name=\"_wpcf7_posted_data_hash\" value=\"\" \/>\n<\/fieldset>\n<p><label> Imi\u0119 (wymagane)<br \/>\n<span class=\"wpcf7-form-control-wrap\" data-name=\"your-name\"><input size=\"40\" maxlength=\"400\" class=\"wpcf7-form-control wpcf7-text wpcf7-validates-as-required\" aria-required=\"true\" aria-invalid=\"false\" value=\"\" type=\"text\" name=\"your-name\" \/><\/span> <\/label>\n<\/p>\n<p><label> Email (wymagane)<br \/>\n<span class=\"wpcf7-form-control-wrap\" data-name=\"your-email\"><input size=\"40\" maxlength=\"400\" class=\"wpcf7-form-control wpcf7-email wpcf7-validates-as-required wpcf7-text wpcf7-validates-as-email\" aria-required=\"true\" aria-invalid=\"false\" value=\"\" type=\"email\" name=\"your-email\" \/><\/span> <\/label>\n<\/p>\n<p><label> Temat<br \/>\n<span class=\"wpcf7-form-control-wrap\" data-name=\"your-subject\"><input size=\"40\" maxlength=\"400\" class=\"wpcf7-form-control wpcf7-text\" aria-invalid=\"false\" value=\"\" type=\"text\" name=\"your-subject\" \/><\/span> <\/label>\n<\/p>\n<p><label> Wiadomo\u015b\u0107<br \/>\n<span class=\"wpcf7-form-control-wrap\" data-name=\"your-message\"><textarea cols=\"40\" rows=\"10\" maxlength=\"2000\" class=\"wpcf7-form-control wpcf7-textarea\" aria-invalid=\"false\" name=\"your-message\"><\/textarea><\/span> <\/label>\n<\/p>\n<p><input class=\"wpcf7-form-control wpcf7-submit has-spinner\" type=\"submit\" value=\"Wy\u015blij\" \/>\n<\/p><div class=\"wpcf7-response-output\" aria-hidden=\"true\"><\/div>\n<\/form>\n<\/div>\n[\/vc_column][\/vc_row][\/vc_section]<\/p>\n","protected":false},"excerpt":{"rendered":"<p>[vc_section css=&#8221;.vc_custom_1498244312933{padding-bottom: 160px !important;}&#8221;][vc_row delay=&#8221;true&#8221; effect=&#8221;fadeIn&#8221; delay_timer=&#8221;50&#8243;][vc_column width=&#8221;1\/2&#8243;][\/vc_column][vc_column width=&#8221;1\/2&#8243;][\/vc_column][\/vc_row][\/vc_section]<\/p>\n","protected":false},"author":1,"featured_media":0,"parent":0,"menu_order":0,"comment_status":"closed","ping_status":"closed","template":"","meta":{"footnotes":""},"class_list":["post-315","page","type-page","status-publish","hentry"],"_links":{"self":[{"href":"https:\/\/picture.umw.edu.pl\/index.php\/wp-json\/wp\/v2\/pages\/315","targetHints":{"allow":["GET"]}}],"collection":[{"href":"https:\/\/picture.umw.edu.pl\/index.php\/wp-json\/wp\/v2\/pages"}],"about":[{"href":"https:\/\/picture.umw.edu.pl\/index.php\/wp-json\/wp\/v2\/types\/page"}],"author":[{"embeddable":true,"href":"https:\/\/picture.umw.edu.pl\/index.php\/wp-json\/wp\/v2\/users\/1"}],"replies":[{"embeddable":true,"href":"https:\/\/picture.umw.edu.pl\/index.php\/wp-json\/wp\/v2\/comments?post=315"}],"version-history":[{"count":2,"href":"https:\/\/picture.umw.edu.pl\/index.php\/wp-json\/wp\/v2\/pages\/315\/revisions"}],"predecessor-version":[{"id":2274,"href":"https:\/\/picture.umw.edu.pl\/index.php\/wp-json\/wp\/v2\/pages\/315\/revisions\/2274"}],"wp:attachment":[{"href":"https:\/\/picture.umw.edu.pl\/index.php\/wp-json\/wp\/v2\/media?parent=315"}],"curies":[{"name":"wp","href":"https:\/\/api.w.org\/{rel}","templated":true}]}}