{"id":2534,"date":"2024-11-14T08:48:42","date_gmt":"2024-11-14T08:48:42","guid":{"rendered":"https:\/\/picture.umw.edu.pl\/?page_id=2534"},"modified":"2024-11-14T08:48:42","modified_gmt":"2024-11-14T08:48:42","slug":"granty","status":"publish","type":"page","link":"https:\/\/picture.umw.edu.pl\/index.php\/granty\/","title":{"rendered":"Granty"},"content":{"rendered":"<p>[vc_row][vc_column]<div class=\"wpb_content_element \"><style class=\"bklyn-inline-styles\" type=\"text\/css\" scoped>#ut_fl_69e7670d66cbe.bklyn-fancy-list { text-align: left; }#ut_fl_69e7670d66cbe .bklyn-list li:not(:last-child) { margin-bottom: 10px; }#ut_fl_69e7670d66cbe li span { color: #71787e; }#ut_fl_69e7670d66cbe a { color: #71787e; }#ut_fl_69e7670d66cbe a:visited { color: #71787e; }#ut_fl_69e7670d66cbe ul { list-style-type: decimal; }<\/style><div id=\"ut_fl_69e7670d66cbe\" class=\"bklyn-fancy-list\"><ul class=\"bklyn-list \"><li><span>WYST\u0118POWANIE AUTOPRZECIWCIA\u0141 PRZECIW ANTYGENOM WYSP TRZUSTKOWYCH U DZIECI I M\u0141ODZIE\u017bY Z WROC\u0141AWIA \u2013 PERSPEKTYWA BADA\u0143 PRZESIEWOWYCH W KIERUNKU CUKRZYCY TYPU 1  kierownik: dr n. med. Agnieszka Zubkiewicz-Kucharska<\/span><\/li><li><span>Biomarkery poziomu ryzyka oty\u0142o\u015bci w populacji pediatrycznejw badaniu PICTURE (Population Cohort Studies of WroclawCitizens) kierownik dr n. med. Anna Jakubowska<\/span><\/li><li><span>Ocena wp\u0142ywu pandemii COVID-19 na sk\u0142ad masy cia\u0142a i zachowania zdrowotne dzieci w wieku 7-14 lat oraz ich opiekun\u00f3w kierownik dr n o zdr Alicja Basiak-Rasa\u0142a<\/span><\/li><\/ul><\/div><\/div>[\/vc_column][\/vc_row]<\/p>\n","protected":false},"excerpt":{"rendered":"<p>[vc_row][vc_column][\/vc_column][\/vc_row]<\/p>\n","protected":false},"author":1,"featured_media":0,"parent":0,"menu_order":0,"comment_status":"closed","ping_status":"closed","template":"","meta":{"footnotes":""},"class_list":["post-2534","page","type-page","status-publish","hentry"],"_links":{"self":[{"href":"https:\/\/picture.umw.edu.pl\/index.php\/wp-json\/wp\/v2\/pages\/2534","targetHints":{"allow":["GET"]}}],"collection":[{"href":"https:\/\/picture.umw.edu.pl\/index.php\/wp-json\/wp\/v2\/pages"}],"about":[{"href":"https:\/\/picture.umw.edu.pl\/index.php\/wp-json\/wp\/v2\/types\/page"}],"author":[{"embeddable":true,"href":"https:\/\/picture.umw.edu.pl\/index.php\/wp-json\/wp\/v2\/users\/1"}],"replies":[{"embeddable":true,"href":"https:\/\/picture.umw.edu.pl\/index.php\/wp-json\/wp\/v2\/comments?post=2534"}],"version-history":[{"count":2,"href":"https:\/\/picture.umw.edu.pl\/index.php\/wp-json\/wp\/v2\/pages\/2534\/revisions"}],"predecessor-version":[{"id":2536,"href":"https:\/\/picture.umw.edu.pl\/index.php\/wp-json\/wp\/v2\/pages\/2534\/revisions\/2536"}],"wp:attachment":[{"href":"https:\/\/picture.umw.edu.pl\/index.php\/wp-json\/wp\/v2\/media?parent=2534"}],"curies":[{"name":"wp","href":"https:\/\/api.w.org\/{rel}","templated":true}]}}