{"id":2490,"date":"2024-01-07T22:38:39","date_gmt":"2024-01-07T22:38:39","guid":{"rendered":"http:\/\/picture.umw.edu.pl\/?page_id=2490"},"modified":"2024-01-07T22:48:39","modified_gmt":"2024-01-07T22:48:39","slug":"aktualnosci-dla-uczestnikow","status":"publish","type":"page","link":"https:\/\/picture.umw.edu.pl\/index.php\/aktualnosci-dla-uczestnikow\/","title":{"rendered":"Aktualno\u015bci dla uczestnik\u00f3w"},"content":{"rendered":"<ul class=\"wp-block-latest-posts__list has-dates wp-block-latest-posts\"><li><a class=\"wp-block-latest-posts__post-title\" href=\"https:\/\/picture.umw.edu.pl\/index.php\/2024\/01\/07\/witamina-d3\/\">Witamina D3<\/a><time datetime=\"2024-01-07T22:54:16+00:00\" class=\"wp-block-latest-posts__post-date\">January 7, 2024<\/time><div class=\"wp-block-latest-posts__post-excerpt\">Od 2022 roku ka\u017cdy uczestnik badania b\u0119dzie mia\u0142 oznaczony poziom wit D3.<\/div><\/li>\n<li><a class=\"wp-block-latest-posts__post-title\" href=\"https:\/\/picture.umw.edu.pl\/index.php\/2020\/10\/26\/ponowne-zawieszenie-badan\/\">Ponowne zawieszenie bada\u0144<\/a><time datetime=\"2020-10-26T22:45:00+00:00\" class=\"wp-block-latest-posts__post-date\">October 26, 2020<\/time><div class=\"wp-block-latest-posts__post-excerpt\">Szanowni Pa\u0144stwo,wobec katastrofalnej sytuacji epidemiologicznej w Polsce i na Dolnym \u015al\u0105sku zwi\u0105zanej z zaka\u017ceniami SARS-CoV-2, zgodnie z decyzj\u0105 Zespo\u0142u ds. Zarz\u0105dzania KryzysowegoUniwersytetu Medycznego we Wroc\u0142awiu, badania uczestnik\u00f3w projektu PICTURE zostaj\u0105 zawieszone od dnia 27 pa\u017adziernika 2020 do odwo\u0142ania.Osoby zarejestrowane na badania lub po odbi\u00f3r wynik\u00f3w w okresie locdownu zostan\u0105 powiadomione telefonicznie przez Personel PICTURE o\u2026 <a class=\"wp-block-latest-posts__read-more\" href=\"https:\/\/picture.umw.edu.pl\/index.php\/2020\/10\/26\/ponowne-zawieszenie-badan\/\" rel=\"noopener noreferrer\">Read more<span class=\"screen-reader-text\">: Ponowne zawieszenie bada\u0144<\/span><\/a><\/div><\/li>\n<li><a class=\"wp-block-latest-posts__post-title\" href=\"https:\/\/picture.umw.edu.pl\/index.php\/2020\/07\/01\/wznawiamy-badania\/\">Wznawiamy badania !<\/a><time datetime=\"2020-07-01T22:44:00+00:00\" class=\"wp-block-latest-posts__post-date\">July 1, 2020<\/time><div class=\"wp-block-latest-posts__post-excerpt\">Szanowni Pa\u0144stwo,informujemy, \u017ce od dnia 6 lipca, zgodnie z obowi\u0105zuj\u0105cymi na Uniwersytecie Medycznym we Wroc\u0142awiu wytycznymi Zespo\u0142u ds. Zarz\u0105dzania Kryzysowego dotycz\u0105cymi prowadzenia bada\u0144 naukowych, wznawiamy badania uczestnik\u00f3w projektu PICTURE.Serdecznie zapraszamy do kontaktu telefonicznego lub mailowego w celu rejestracji na badania.<\/div><\/li>\n<li><a class=\"wp-block-latest-posts__post-title\" href=\"https:\/\/picture.umw.edu.pl\/index.php\/2020\/03\/10\/2497\/\">COVID-19<\/a><time datetime=\"2020-03-10T22:42:00+00:00\" class=\"wp-block-latest-posts__post-date\">March 10, 2020<\/time><div class=\"wp-block-latest-posts__post-excerpt\">Szanowni Pa\u0144stwo,informujemy, \u017ce ze wzgl\u0119du na aktualn\u0105 sytuacj\u0119 epidemiologiczn\u0105 w Polsce i na \u015bwiecie, dotycz\u0105c\u0105 wyst\u0119powania zaka\u017ce\u0144 wirusem Sars-Cov2, zgodnie z zarz\u0105dzeniem nr 52\/XV R\/2020 Rektora Uniwersytetu Medycznego we Wroc\u0142awiu, badania uczestnik\u00f3w w siedzibie projektu PICTURE zostaj\u0105 zawieszone od 10 marca 2020 roku do odwo\u0142ania.O ponownej mo\u017cliwo\u015bci prowadzenia bada\u0144 i rejestracji nowych uczestnik\u00f3w niezw\u0142ocznie Pa\u0144stwa\u2026 <a class=\"wp-block-latest-posts__read-more\" href=\"https:\/\/picture.umw.edu.pl\/index.php\/2020\/03\/10\/2497\/\" rel=\"noopener noreferrer\">Read more<span class=\"screen-reader-text\">: COVID-19<\/span><\/a><\/div><\/li>\n<\/ul>","protected":false},"excerpt":{"rendered":"","protected":false},"author":1,"featured_media":0,"parent":0,"menu_order":0,"comment_status":"closed","ping_status":"closed","template":"","meta":{"footnotes":""},"class_list":["post-2490","page","type-page","status-publish","hentry"],"_links":{"self":[{"href":"https:\/\/picture.umw.edu.pl\/index.php\/wp-json\/wp\/v2\/pages\/2490","targetHints":{"allow":["GET"]}}],"collection":[{"href":"https:\/\/picture.umw.edu.pl\/index.php\/wp-json\/wp\/v2\/pages"}],"about":[{"href":"https:\/\/picture.umw.edu.pl\/index.php\/wp-json\/wp\/v2\/types\/page"}],"author":[{"embeddable":true,"href":"https:\/\/picture.umw.edu.pl\/index.php\/wp-json\/wp\/v2\/users\/1"}],"replies":[{"embeddable":true,"href":"https:\/\/picture.umw.edu.pl\/index.php\/wp-json\/wp\/v2\/comments?post=2490"}],"version-history":[{"count":2,"href":"https:\/\/picture.umw.edu.pl\/index.php\/wp-json\/wp\/v2\/pages\/2490\/revisions"}],"predecessor-version":[{"id":2504,"href":"https:\/\/picture.umw.edu.pl\/index.php\/wp-json\/wp\/v2\/pages\/2490\/revisions\/2504"}],"wp:attachment":[{"href":"https:\/\/picture.umw.edu.pl\/index.php\/wp-json\/wp\/v2\/media?parent=2490"}],"curies":[{"name":"wp","href":"https:\/\/api.w.org\/{rel}","templated":true}]}}