{"id":2375,"date":"2020-05-20T14:16:50","date_gmt":"2020-05-20T14:16:50","guid":{"rendered":"http:\/\/picture.umed.wroc.pl\/?page_id=2375"},"modified":"2020-05-20T14:55:44","modified_gmt":"2020-05-20T14:55:44","slug":"kalendarium","status":"publish","type":"page","link":"https:\/\/picture.umw.edu.pl\/index.php\/kalendarium\/","title":{"rendered":"Kalendarium"},"content":{"rendered":"<p>[vc_section][vc_row][vc_column]<style type=\"text\/css\" scoped>#ut_simple_time_line_69e7760520d42 .ut-marker-large-animation-1 { border-style: solid; }#ut_simple_time_line_69e7760520d42 .ut-marker-large-animation-2 { border-style: solid; }#ut_simple_time_line_69e7760520d42 .ut-marker-large-animation-3 { border-style: solid; }#ut_simple_time_line_69e7760520d42 .ut-marker-large-animation-4 { border-style: solid; }<\/style><div id=\"ut_simple_time_line_69e7760520d42\" class=\"ut-simple-time-line-wrap\"><div class=\"ut-simple-time-line  clearfix\"><div class=\"ut-simple-time-line-event\"><div  class=\"ut-simple-time-line-event-marker ut-simple-time-line-event-marker-large \"><div class=\"ut-marker-large-animation-1 ut-marker-animation-on\"><\/div><div class=\"ut-marker-large-animation-2 ut-marker-animation-on\"><\/div><div class=\"ut-marker-large-animation-3 ut-marker-animation-on\"><\/div><div class=\"ut-marker-large-animation-4 ut-marker-animation-on\"><\/div><\/div><div class=\"ut-simple-time-line-event-title\">2016<\/div><h3 class=\"ut-simple-time-line-event-subtitle\">Pierwsza akcja Uruchamiamy Dzieciaki <\/h3><div class=\"ut-simple-time-line-event-text\"><p>Pierwsza edycja akcji \u201eUruchamiamy dzieciaki\u201d odby\u0142a si\u0119 w 2016 roku, kt\u00f3ra zosta\u0142a zorganizowana wsp\u00f3lnie przez Uniwersytet Medyczny we Wroc\u0142awiu, Uniwersytecki Szpital Kliniczny we Wroc\u0142awiu oraz Fundacj\u0119 \"Biegaj dla Zdrowia\". G\u0142\u00f3wnym celem by\u0142o zbadanie rozpowszechnienia czynnik\u00f3w ryzyka oty\u0142o\u015bci u dzieci i schorze\u0144 wsp\u00f3\u0142wyst\u0119puj\u0105cych oraz promowanie zdrowego stylu \u017cycia poprzez organizacj\u0119 imprez sportowych oraz cyklicznych spotka\u0144 edukacyjnych dla rodzic\u00f3w i nauczycieli. Akcja skierowana by\u0142a przede wszystkim do rodzic\u00f3w dzieci ucz\u0105cych si\u0119 w szko\u0142ach podstawowych i gimnazjalnych oraz nauczycieli i trener\u00f3w. <br \/>\n<\/p><\/div><\/div><div class=\"ut-simple-time-line-event\"><div  class=\"ut-simple-time-line-event-marker ut-simple-time-line-event-marker-large \"><div class=\"ut-marker-large-animation-1 ut-marker-animation-on\"><\/div><div class=\"ut-marker-large-animation-2 ut-marker-animation-on\"><\/div><div class=\"ut-marker-large-animation-3 ut-marker-animation-on\"><\/div><div class=\"ut-marker-large-animation-4 ut-marker-animation-on\"><\/div><\/div><div class=\"ut-simple-time-line-event-title\">2017\/2018<\/div><h3 class=\"ut-simple-time-line-event-subtitle\">Badanie Ankietowe<\/h3><div class=\"ut-simple-time-line-event-text\"><p>W ramach dw\u00f3ch edycji akcji (2016 oraz 2017\/2018) przeprowadzono badania ankietowe w\u015br\u00f3d rodzic\u00f3w dzieci i m\u0142odzie\u017cy ucz\u0119szczaj\u0105cej do szk\u00f3\u0142 podstawowych oraz gimnazjalnych we Wroc\u0142awiu. Ankieta dotyczy\u0142a stanu zdrowia wroc\u0142awskich dzieci oraz ich zachowa\u0144 zdrowotnych (sposobu \u017cywienia, aktywno\u015bci fizycznej). W ka\u017cdej edycji do szk\u00f3\u0142 wydano ponad 10 000 ankiet. W ramach obu edycji akcji uda\u0142o si\u0119 zorganizowa\u0107 10 konferencji edukacyjnych skierowanych do rodzic\u00f3w i nauczycieli, podczas kt\u00f3rych poruszano zagadnienia zwi\u0105zane z \u017cywieniem, aktywno\u015bci\u0105 fizyczn\u0105 oraz pediatri\u0105. We wsp\u00f3\u0142pracy z fundacj\u0105 Sensoria organizuj\u0105c\u0105 akcj\u0119 \u201eLekki Tornister\u201d przeprowadzono dodatkowo badanie wad postawy u dzieci bior\u0105cych udzia\u0142 w akcji \u201eUruchamiamy Dzieciaki\u201d oraz pomiary ci\u0119\u017caru ich szkolnych tornistr\u00f3w. <br \/>\n<\/p><\/div><\/div><div class=\"ut-simple-time-line-event\"><div  class=\"ut-simple-time-line-event-marker ut-simple-time-line-event-marker-large \"><\/div><div class=\"ut-simple-time-line-event-title\">2019<\/div><h3 class=\"ut-simple-time-line-event-subtitle\">Konferencja Uruchamiamy Dzieciaki <\/h3><div class=\"ut-simple-time-line-event-text\"><p>Organizacja dw\u00f3ch pierwszych edycji akcji \u201eUruchamiamy Dzieciaki\u201d da\u0142a impuls do zorganizowania randomizowanego i szeroko zakrojonego badania populacyjnego. W 2019 roku rozpocz\u0119to \u201eBadanie zdrowia dzieci w wieku szkolnym (7-14 lat) oraz ich opiekun\u00f3w \u2013 PICTURE\u201d realizowane przez Uniwersytet Medyczny im. Piast\u00f3w \u015al\u0105skich we Wroc\u0142awiu przy wsp\u00f3\u0142pracy Urz\u0119du Miasta Wroc\u0142aw. Uczestnicy badania zostali wylosowani z bazy PESEL. <br \/>\nPierwsza grupa pacjent\u00f3w (220 os\u00f3b) zosta\u0142a przebadana pod koniec 2019 roku. Projekt b\u0119dzie przedsi\u0119wzi\u0119ciem wieloletnim, w kt\u00f3rym stworzona zostanie wroc\u0142awska kohorta os\u00f3b obj\u0119tych badaniem (3000 os\u00f3b w pierwszych dw\u00f3ch latach projektu). Celem projektu \u201ePICTURE\u201d jest przeprowadzenie obszernych bada\u0144 kwestionariuszowych w\u015br\u00f3d dzieci oraz ich rodzic\u00f3w dotycz\u0105cych wa\u017cnych czynnik\u00f3w kszta\u0142tuj\u0105cych zdrowie i dobre samopoczucie. W projekcie zostanie prze\u015bledzony wp\u0142yw zmian \u015brodowiskowych i spo\u0142ecznych na styl \u017cycia. Ostatecznym celem badania jest poszerzenie naszego rozumienia wa\u017cnych przyczyn zachorowalno\u015bci i umieralno\u015bci na terenie Dolnego \u015al\u0105ska oraz wskazanie przyczyn wyst\u0119puj\u0105cych r\u00f3\u017cnic w zdrowiu populacji mieszka\u0144c\u00f3w Wroc\u0142awia. <br \/>\n<\/p><\/div><\/div><\/div><div class=\"clear\"><\/div><\/div>[\/vc_column][\/vc_row][\/vc_section]<\/p>\n","protected":false},"excerpt":{"rendered":"<p>[vc_section][vc_row][vc_column][\/vc_column][\/vc_row][\/vc_section]<\/p>\n","protected":false},"author":1,"featured_media":0,"parent":0,"menu_order":0,"comment_status":"closed","ping_status":"closed","template":"","meta":{"footnotes":""},"class_list":["post-2375","page","type-page","status-publish","hentry"],"_links":{"self":[{"href":"https:\/\/picture.umw.edu.pl\/index.php\/wp-json\/wp\/v2\/pages\/2375","targetHints":{"allow":["GET"]}}],"collection":[{"href":"https:\/\/picture.umw.edu.pl\/index.php\/wp-json\/wp\/v2\/pages"}],"about":[{"href":"https:\/\/picture.umw.edu.pl\/index.php\/wp-json\/wp\/v2\/types\/page"}],"author":[{"embeddable":true,"href":"https:\/\/picture.umw.edu.pl\/index.php\/wp-json\/wp\/v2\/users\/1"}],"replies":[{"embeddable":true,"href":"https:\/\/picture.umw.edu.pl\/index.php\/wp-json\/wp\/v2\/comments?post=2375"}],"version-history":[{"count":1,"href":"https:\/\/picture.umw.edu.pl\/index.php\/wp-json\/wp\/v2\/pages\/2375\/revisions"}],"predecessor-version":[{"id":2376,"href":"https:\/\/picture.umw.edu.pl\/index.php\/wp-json\/wp\/v2\/pages\/2375\/revisions\/2376"}],"wp:attachment":[{"href":"https:\/\/picture.umw.edu.pl\/index.php\/wp-json\/wp\/v2\/media?parent=2375"}],"curies":[{"name":"wp","href":"https:\/\/api.w.org\/{rel}","templated":true}]}}