{"id":2371,"date":"2020-05-20T14:08:42","date_gmt":"2020-05-20T14:08:42","guid":{"rendered":"http:\/\/picture.umed.wroc.pl\/?page_id=2371"},"modified":"2020-05-20T14:54:38","modified_gmt":"2020-05-20T14:54:38","slug":"doniesienia-naukowe","status":"publish","type":"page","link":"https:\/\/picture.umw.edu.pl\/index.php\/doniesienia-naukowe\/","title":{"rendered":"Doniesienia naukowe"},"content":{"rendered":"<p>[vc_row css=&#8221;.vc_custom_1456147865877{padding-top: 100px !important;padding-bottom: 100px !important;background-color: #eaeaea !important;}&#8221;][vc_column][ut_title_divider_2 align=&#8221;center&#8221; font_size=&#8221;40&#8243;]Publikacje[\/ut_title_divider_2]<div class=\"wpb_content_element \"><style class=\"bklyn-inline-styles\" type=\"text\/css\" scoped>#ut_fl_69e765d353470.bklyn-fancy-list { text-align: left; }#ut_fl_69e765d353470.bklyn-fancy-list { font-size: 19px; }#ut_fl_69e765d353470.bklyn-fancy-list { line-height: 35px; }#ut_fl_69e765d353470 .bklyn-list li:not(:last-child) { margin-bottom: 39px; }#ut_fl_69e765d353470.bklyn-fancy-list li .fa { font-size: 40px; }#ut_fl_69e765d353470.bklyn-fancy-list li .fa { width: 80px; }#ut_fl_69e765d353470.bklyn-fancy-list li .fa { vertical-align: bottom; }#ut_fl_69e765d353470 .fa { color: #ff2828; }#ut_fl_69e765d353470 a .fa { color: #ff2828; }#ut_fl_69e765d353470 a:visited .fa { color: #ff2828; }#ut_fl_69e765d353470 a:hover .fa { color: #a5a5a5; }#ut_fl_69e765d353470 a:focus .fa { color: #a5a5a5; }#ut_fl_69e765d353470 a:active .fa { color: #a5a5a5; }<\/style><div id=\"ut_fl_69e765d353470\" class=\"bklyn-fancy-list\"><ul class=\"bklyn-list bklyn-list-style-none\"><li><i class=\"fa fa-file-pdf-o\"><\/i>Katarzyna Pazdro-Zastawny, Mateusz Kolator, Alicja Basiak-Rasa\u0142a, Joanna Krajewska, Sara G\u00f3rna, Micha\u0142 Zato\u0144ski, Tomasz Zato\u0144ski.: How to encourage children to live healthy lives? A prophylactic and health-oriented campaign called \"Let's Get the Kids Moving' aimed at children in Wroc\u0142aw schools; J.Health Inequal. 2019 Vol.5 no.2; s.188-191; DOI: 10.5114\/jhi.2019.91476<\/a><\/li><li><i class=\"fa fa-file-pdf-o\"><\/i>Katarzyna Pazdro-Zastawny, Mateusz Kolator, Joanna Krajewska, Alicja Basiak-Rasa\u0142a, Sara G\u00f3rna, Patrycja Paluszkiewicz, Micha\u0142 Zato\u0144ski, Tomasz Zato\u0144ski.: Lifestyle-related factors differentiating the prevalence of otorhinolaryngological diseases among 6-17-year-olds from Wroc\u0142aw, Poland; Int.J.Pediatr.Otorhinolaryngol. 2020 Vol.132; art.109934 [5 s.] DOI: 10.1016\/j.ijporl.2020.109934 IF: 1.225<\/a><\/li><li><i class=\"fa fa-file-pdf-o\"><\/i>Joanna Krajewska (Wojciechowska), Wojciech Krajewski, Tomasz Zato\u0144ski.: The association between ENT diseases and obesity in pediatric population: a systemic review of current knowledge, ENT-Ear Nose Throat J. 2019 Vol.98 no.5; s.E32-E43 https:\/\/journals.sagepub.com\/doi\/full\/10.1177\/0145561319840819 <\/a><\/li><\/ul><\/div><\/div>[ut_title_divider_2 align=&#8221;center&#8221; font_size=&#8221;40&#8243;]Konferencje naukowe[\/ut_title_divider_2]<div class=\"wpb_content_element \"><style class=\"bklyn-inline-styles\" type=\"text\/css\" scoped>#ut_fl_69e765d3534ef.bklyn-fancy-list { text-align: left; }#ut_fl_69e765d3534ef.bklyn-fancy-list { font-size: 19px; }#ut_fl_69e765d3534ef.bklyn-fancy-list { line-height: 35px; }#ut_fl_69e765d3534ef .bklyn-list li:not(:last-child) { margin-bottom: 39px; }#ut_fl_69e765d3534ef.bklyn-fancy-list li .fa { font-size: 40px; }#ut_fl_69e765d3534ef.bklyn-fancy-list li .fa { width: 80px; }#ut_fl_69e765d3534ef.bklyn-fancy-list li .fa { vertical-align: bottom; }#ut_fl_69e765d3534ef .fa { color: #ff2828; }#ut_fl_69e765d3534ef a .fa { color: #ff2828; }#ut_fl_69e765d3534ef a:visited .fa { color: #ff2828; }#ut_fl_69e765d3534ef a:hover .fa { color: #a5a5a5; }#ut_fl_69e765d3534ef a:focus .fa { color: #a5a5a5; }#ut_fl_69e765d3534ef a:active .fa { color: #a5a5a5; }<\/style><div id=\"ut_fl_69e765d3534ef\" class=\"bklyn-fancy-list\"><ul class=\"bklyn-list bklyn-list-style-none\"><li><i class=\"fa fa-comments\"><\/i>Sara G\u00f3rna, Patrycja Tokarz, Dominika Pytlarz, Edyta Wujec, Tomasz Zato\u0144ski.: Analiza rzetelno\u015bci pomiarowej wska\u017anik\u00f3w oceniaj\u0105cych wysklepienie pod\u0142u\u017cne st\u00f3p u dzieci z wroc\u0142awskich szk\u00f3\u0142 podstawowych - randomizowane badanie wst\u0119pne = Analysis of measurement reliability of indicators assessing longitudinal arching in children from primary schools in Wroc\u0142aw - a randomized preliminary study W:XII Interdyscyplinarna Konferencja Naukowo-Szkoleniowa \"Maj\u00f3wka M\u0142odej Fizjoterapii\". Wroc\u0142aw, Polska, 14 czerwca 2019 r.; s.5<\/a><\/li><li><i class=\"fa fa-comments\"><\/i>Sara G\u00f3rna, Karolina Marek, Paulina Ostrowska, Dagmara Wojtczak, Tomasz Zato\u0144ski.: Czy uczniowie wroc\u0142awskich szk\u00f3\u0142 podstawowych maj\u0105 przeci\u0105\u017cone tornistry szkolne? = Do primary schools pupils in Wroc\u0142aw have overloaded school backpacks? W:XII Interdyscyplinarna Konferencja Naukowo-Szkoleniowa \"Maj\u00f3wka M\u0142odej Fizjoterapii\". Wroc\u0142aw, Polska, 14 czerwca 2019 r.; s.6<\/a><\/li><li><i class=\"fa fa-comments\"><\/i>Sara G\u00f3rna, Justyna Skroba\u0144ska, Dominika Stec, Maciej Grzeszczuk, Aleksandra K\u0119pi\u0144ska, Krzysztofa Warda, Alicja Basiak-Rasa\u0142a, Tomasz Zato\u0144ski.: Poziom aktywno\u015bci fizycznej i formy sp\u0119dzania czasu wolnego w zale\u017cno\u015bci od wska\u017anika Cole'a u dzieci w wieku wczesnoszkolnym z wroc\u0142awskich szk\u00f3\u0142 podstawowych = The level of physical activity and forms of spending free time depending on the Cole's index in children at the early school age from primary schools in Wroc\u0142aw W:XII Interdyscyplinarna Konferencja Naukowo-Szkoleniowa \"Maj\u00f3wka M\u0142odej Fizjoterapii\". Wroc\u0142aw, Polska, 14 czerwca 2019 r.; s.6-7<\/a><\/li><li><i class=\"fa fa-comments\"><\/i>Sara G\u00f3rna, Maciej Grzeszczuk, Klaudia Stobiecka, Aleksandra Zaprza\u0142a, Tomasz Zato\u0144ski.: Ustawienie tu\u0142owia i ko\u0144czyn dolnych w zale\u017cno\u015bci od wska\u017anika od\u017cywienia dzieci ucz\u0119szczaj\u0105cych do szk\u00f3\u0142 podstawowych = Adjustment of trunk and lower limbs depending on the nutritional index of children attending to primary schools W:XII Interdyscyplinarna Konferencja Naukowo-Szkoleniowa \"Maj\u00f3wka M\u0142odej Fizjoterapii\". Wroc\u0142aw, Polska, 14 czerwca 2019 r.; s.7<\/a><\/li><li><i class=\"fa fa-comments\"><\/i>Sara G\u00f3rna, Weronika Bargie\u0142, Aleksandra Szczerba, Piotr Heluszka, Monika Szczepaniak, Tomasz Zato\u0144ski.: Zr\u00f3\u017cnicowanie wska\u017anika POTSI w zale\u017cno\u015bci od ustawienia kr\u0119gos\u0142upa w p\u0142aszczy\u017anie strza\u0142kowej i czo\u0142owej u dzieci w wieku 6-10 lat = Differentiation of the POTSI index depending on the spine position in the sagittal plane and frontal plane in children aged 6-10 W:XII Interdyscyplinarna Konferencja Naukowo-Szkoleniowa \"Maj\u00f3wka M\u0142odej Fizjoterapii\". Wroc\u0142aw, Polska, 14 czerwca 2019 r.; s.8<\/a><\/li><li><i class=\"fa fa-comments\"><\/i>Sara G\u00f3rna, Alicja Basiak, Joanna Wojciechowska, Mateusz Kolator, Tomasz Zato\u0144ski.: Ocena aktywno\u015bci fizycznej i form sp\u0119dzania czasu wolnego uczni\u00f3w wroc\u0142awskich szk\u00f3\u0142 podstawowych w wieku wczesnoszkolnym przeprowadzona w ramach akcji prozdrowotnej \"Uruchamiamy Dzieciaki\" W:II Og\u00f3lnopolska Konferencja dla M\u0142odych Naukowc\u00f3w \"Wiecz\u00f3r Naukowca 2018 - wok\u00f3\u0142 cz\u0142owieka\". Wroc\u0142aw, 10-11 maja 2018 r. Program i streszczenia; s.59-60<\/a><\/li><li><i class=\"fa fa-comments\"><\/i>Sara G\u00f3rna, Alicja Basiak, Joanna Wojciechowska, Anna Pecuch, Tomasz Zato\u0144ski.: Aktywno\u015b\u0107 fizyczna dzieci w wieku 6-17 ucz\u0119szczaj\u0105cych do szk\u00f3\u0142 podstawowych i gimnazjalnych na terenie Wroc\u0142awia = Physical activity of children aged 6-17 years old attending primary and junior high schools in Wroclaw W:X Mi\u0119dzynarodowe Dni Fizjoterapii \"Jako\u015b\u0107 i styl \u017cycia w \u015bwietle nowoczesnej rehabilitacji\". Wroc\u0142aw, 23-25.11.2017. Streszczenia; s.41-42 poz.5<\/a><\/li><\/ul><\/div><\/div><style type=\"text\/css\" scoped>#ut_simple_time_line_69e765d353515 .ut-marker-large-animation-1 { border-style: solid; }#ut_simple_time_line_69e765d353515 .ut-marker-large-animation-2 { border-style: solid; }#ut_simple_time_line_69e765d353515 .ut-marker-large-animation-3 { border-style: solid; }#ut_simple_time_line_69e765d353515 .ut-marker-large-animation-4 { border-style: solid; }<\/style><div id=\"ut_simple_time_line_69e765d353515\" class=\"ut-simple-time-line-wrap\"><div class=\"ut-simple-time-line  clearfix\"><\/div><div class=\"clear\"><\/div><\/div>[\/vc_column][\/vc_row]<\/p>\n","protected":false},"excerpt":{"rendered":"<p>[vc_row css=&#8221;.vc_custom_1456147865877{padding-top: 100px !important;padding-bottom: 100px !important;background-color: #eaeaea !important;}&#8221;][vc_column][ut_title_divider_2 align=&#8221;center&#8221; font_size=&#8221;40&#8243;]Publikacje[\/ut_title_divider_2][ut_title_divider_2 align=&#8221;center&#8221; font_size=&#8221;40&#8243;]Konferencje naukowe[\/ut_title_divider_2][\/vc_column][\/vc_row]<\/p>\n","protected":false},"author":1,"featured_media":0,"parent":0,"menu_order":0,"comment_status":"closed","ping_status":"closed","template":"","meta":{"footnotes":""},"class_list":["post-2371","page","type-page","status-publish","hentry"],"_links":{"self":[{"href":"https:\/\/picture.umw.edu.pl\/index.php\/wp-json\/wp\/v2\/pages\/2371","targetHints":{"allow":["GET"]}}],"collection":[{"href":"https:\/\/picture.umw.edu.pl\/index.php\/wp-json\/wp\/v2\/pages"}],"about":[{"href":"https:\/\/picture.umw.edu.pl\/index.php\/wp-json\/wp\/v2\/types\/page"}],"author":[{"embeddable":true,"href":"https:\/\/picture.umw.edu.pl\/index.php\/wp-json\/wp\/v2\/users\/1"}],"replies":[{"embeddable":true,"href":"https:\/\/picture.umw.edu.pl\/index.php\/wp-json\/wp\/v2\/comments?post=2371"}],"version-history":[{"count":2,"href":"https:\/\/picture.umw.edu.pl\/index.php\/wp-json\/wp\/v2\/pages\/2371\/revisions"}],"predecessor-version":[{"id":2379,"href":"https:\/\/picture.umw.edu.pl\/index.php\/wp-json\/wp\/v2\/pages\/2371\/revisions\/2379"}],"wp:attachment":[{"href":"https:\/\/picture.umw.edu.pl\/index.php\/wp-json\/wp\/v2\/media?parent=2371"}],"curies":[{"name":"wp","href":"https:\/\/api.w.org\/{rel}","templated":true}]}}